{"id":333,"date":"2022-08-19T14:10:33","date_gmt":"2022-08-19T12:10:33","guid":{"rendered":"https:\/\/newlights-translations.poush-dev.be\/mentions-legales\/"},"modified":"2023-06-13T09:27:57","modified_gmt":"2023-06-13T07:27:57","slug":"%d7%94%d7%9c%d7%99%d7%9a-%d7%95%d7%97%d7%95%d7%a7","status":"publish","type":"page","link":"https:\/\/www.newlights-translations.be\/he\/%d7%94%d7%9c%d7%99%d7%9a-%d7%95%d7%97%d7%95%d7%a7\/","title":{"rendered":"\u05d4\u05dc\u05d9\u05da \u05d5\u05d7\u05d5\u05e7"},"content":{"rendered":"<div class=\"wpb-content-wrapper\"><p>[vc_row][vc_column][vc_column_text]<\/p>\n<h1>Mentions l\u00e9gales<\/h1>\n<h2><\/h2>\n<h2>Qui sommes-nous ?<\/h2>\n<p>&nbsp;<\/p>\n<p><strong>SA Newlights<\/strong><\/p>\n<p>Agence de traduction professionnelle pour tous vos documents<\/p>\n<p>&nbsp;<\/p>\n<p><strong>Mission<\/strong><\/p>\n<p>Fournir des traductions de qualit\u00e9, \u00e0 la hauteur des missions que vous aurez \u00e0 accomplir, que vous soyez priv\u00e9 ou une soci\u00e9t\u00e9.<\/p>\n<p>&nbsp;<\/p>\n<p><strong>Contact<\/strong><\/p>\n<p>SA Newlights<\/p>\n<p>Avenue Jules Bordet 13, 1140 Evere, Bruxelles, Belgique<\/p>\n<p>&nbsp;<\/p>\n<p>+32 2 537 88 26<\/p>\n<p>info@newlights-translations.be<\/p>\n<p>BE 0427.916.587<\/p>\n<p>&nbsp;<\/p>\n<p>SA Newlights s\u2019engage \u00e0 respecter la l\u00e9gislation en vigueur en Belgique et en Europe et met tout en \u0153uvre afin d\u2019emp\u00eacher tout usage non autoris\u00e9 ou illicite de vos donn\u00e9es personnelles. \u00c0 cette fin, nous utilisons des proc\u00e9dures et des syst\u00e8mes appropri\u00e9s pour que seules les personnes qui y sont autoris\u00e9es puissent acc\u00e9der \u00e0 vos informations. En outre, nous vous rappelons que ces personnes sont tenues \u00e0 un devoir de confidentialit\u00e9 dans le cadre de leur fonction.[\/vc_column_text][\/vc_column][\/vc_row]<\/p>\n<\/div>","protected":false},"excerpt":{"rendered":"<p>[vc_row][vc_column][vc_column_text] Mentions l\u00e9gales Qui sommes-nous ? &nbsp; SA Newlights Agence de traduction professionnelle pour tous vos documents &nbsp; Mission Fournir des traductions de qualit\u00e9, \u00e0 la hauteur des missions que vous aurez \u00e0 accomplir, que vous soyez priv\u00e9 ou une soci\u00e9t\u00e9. &nbsp; Contact SA Newlights Avenue Jules Bordet 13, 1140 Evere, Bruxelles, Belgique &nbsp; +32&hellip;<\/p>\n","protected":false},"author":1,"featured_media":0,"parent":0,"menu_order":1000,"comment_status":"closed","ping_status":"closed","template":"","meta":{"footnotes":""},"class_list":["post-333","page","type-page","status-publish","hentry","description-off"],"yoast_head":"<!-- This site is optimized with the Yoast SEO plugin v27.5 - https:\/\/yoast.com\/product\/yoast-seo-wordpress\/ -->\n<title>\u05d4\u05dc\u05d9\u05da \u05d5\u05d7\u05d5\u05e7 - Newlights Translations<\/title>\n<meta name=\"robots\" content=\"index, follow, max-snippet:-1, max-image-preview:large, max-video-preview:-1\" \/>\n<link rel=\"canonical\" href=\"https:\/\/www.newlights-translations.be\/he\/%d7%94%d7%9c%d7%99%d7%9a-%d7%95%d7%97%d7%95%d7%a7\/\" \/>\n<meta property=\"og:locale\" content=\"he_IL\" \/>\n<meta property=\"og:type\" content=\"article\" \/>\n<meta property=\"og:title\" content=\"\u05d4\u05dc\u05d9\u05da \u05d5\u05d7\u05d5\u05e7 - Newlights Translations\" \/>\n<meta property=\"og:description\" content=\"[vc_row][vc_column][vc_column_text] Mentions l\u00e9gales Qui sommes-nous ? &nbsp; SA Newlights Agence de traduction professionnelle pour tous vos documents &nbsp; Mission Fournir des traductions de qualit\u00e9, \u00e0 la hauteur des missions que vous aurez \u00e0 accomplir, que vous soyez priv\u00e9 ou une soci\u00e9t\u00e9. &nbsp; Contact SA Newlights Avenue Jules Bordet 13, 1140 Evere, Bruxelles, Belgique &nbsp; +32&hellip;\" \/>\n<meta property=\"og:url\" content=\"https:\/\/www.newlights-translations.be\/he\/%d7%94%d7%9c%d7%99%d7%9a-%d7%95%d7%97%d7%95%d7%a7\/\" \/>\n<meta property=\"og:site_name\" content=\"Newlights Translations\" \/>\n<meta property=\"article:modified_time\" content=\"2023-06-13T07:27:57+00:00\" \/>\n<meta name=\"twitter:card\" content=\"summary_large_image\" \/>\n<meta name=\"twitter:label1\" content=\"\u05d6\u05de\u05df \u05e7\u05e8\u05d9\u05d0\u05d4 \u05de\u05d5\u05e2\u05e8\u05da\" \/>\n\t<meta name=\"twitter:data1\" content=\"\u05d3\u05e7\u05d41\" \/>\n<script type=\"application\/ld+json\" class=\"yoast-schema-graph\">{\"@context\":\"https:\\\/\\\/schema.org\",\"@graph\":[{\"@type\":\"WebPage\",\"@id\":\"https:\\\/\\\/www.newlights-translations.be\\\/he\\\/%d7%94%d7%9c%d7%99%d7%9a-%d7%95%d7%97%d7%95%d7%a7\\\/\",\"url\":\"https:\\\/\\\/www.newlights-translations.be\\\/he\\\/%d7%94%d7%9c%d7%99%d7%9a-%d7%95%d7%97%d7%95%d7%a7\\\/\",\"name\":\"\u05d4\u05dc\u05d9\u05da \u05d5\u05d7\u05d5\u05e7 - Newlights Translations\",\"isPartOf\":{\"@id\":\"https:\\\/\\\/www.newlights-translations.be\\\/he\\\/#website\"},\"datePublished\":\"2022-08-19T12:10:33+00:00\",\"dateModified\":\"2023-06-13T07:27:57+00:00\",\"breadcrumb\":{\"@id\":\"https:\\\/\\\/www.newlights-translations.be\\\/he\\\/%d7%94%d7%9c%d7%99%d7%9a-%d7%95%d7%97%d7%95%d7%a7\\\/#breadcrumb\"},\"inLanguage\":\"he-IL\",\"potentialAction\":[{\"@type\":\"ReadAction\",\"target\":[\"https:\\\/\\\/www.newlights-translations.be\\\/he\\\/%d7%94%d7%9c%d7%99%d7%9a-%d7%95%d7%97%d7%95%d7%a7\\\/\"]}]},{\"@type\":\"BreadcrumbList\",\"@id\":\"https:\\\/\\\/www.newlights-translations.be\\\/he\\\/%d7%94%d7%9c%d7%99%d7%9a-%d7%95%d7%97%d7%95%d7%a7\\\/#breadcrumb\",\"itemListElement\":[{\"@type\":\"ListItem\",\"position\":1,\"name\":\"Accueil\",\"item\":\"https:\\\/\\\/www.newlights-translations.be\\\/he\\\/\"},{\"@type\":\"ListItem\",\"position\":2,\"name\":\"\u05d4\u05dc\u05d9\u05da \u05d5\u05d7\u05d5\u05e7\"}]},{\"@type\":\"WebSite\",\"@id\":\"https:\\\/\\\/www.newlights-translations.be\\\/he\\\/#website\",\"url\":\"https:\\\/\\\/www.newlights-translations.be\\\/he\\\/\",\"name\":\"Newlights Translations\",\"description\":\"\",\"potentialAction\":[{\"@type\":\"SearchAction\",\"target\":{\"@type\":\"EntryPoint\",\"urlTemplate\":\"https:\\\/\\\/www.newlights-translations.be\\\/he\\\/?s={search_term_string}\"},\"query-input\":{\"@type\":\"PropertyValueSpecification\",\"valueRequired\":true,\"valueName\":\"search_term_string\"}}],\"inLanguage\":\"he-IL\"}]}<\/script>\n<!-- \/ Yoast SEO plugin. -->","yoast_head_json":{"title":"\u05d4\u05dc\u05d9\u05da \u05d5\u05d7\u05d5\u05e7 - Newlights Translations","robots":{"index":"index","follow":"follow","max-snippet":"max-snippet:-1","max-image-preview":"max-image-preview:large","max-video-preview":"max-video-preview:-1"},"canonical":"https:\/\/www.newlights-translations.be\/he\/%d7%94%d7%9c%d7%99%d7%9a-%d7%95%d7%97%d7%95%d7%a7\/","og_locale":"he_IL","og_type":"article","og_title":"\u05d4\u05dc\u05d9\u05da \u05d5\u05d7\u05d5\u05e7 - Newlights Translations","og_description":"[vc_row][vc_column][vc_column_text] Mentions l\u00e9gales Qui sommes-nous ? &nbsp; SA Newlights Agence de traduction professionnelle pour tous vos documents &nbsp; Mission Fournir des traductions de qualit\u00e9, \u00e0 la hauteur des missions que vous aurez \u00e0 accomplir, que vous soyez priv\u00e9 ou une soci\u00e9t\u00e9. &nbsp; Contact SA Newlights Avenue Jules Bordet 13, 1140 Evere, Bruxelles, Belgique &nbsp; +32&hellip;","og_url":"https:\/\/www.newlights-translations.be\/he\/%d7%94%d7%9c%d7%99%d7%9a-%d7%95%d7%97%d7%95%d7%a7\/","og_site_name":"Newlights Translations","article_modified_time":"2023-06-13T07:27:57+00:00","twitter_card":"summary_large_image","twitter_misc":{"\u05d6\u05de\u05df \u05e7\u05e8\u05d9\u05d0\u05d4 \u05de\u05d5\u05e2\u05e8\u05da":"\u05d3\u05e7\u05d41"},"schema":{"@context":"https:\/\/schema.org","@graph":[{"@type":"WebPage","@id":"https:\/\/www.newlights-translations.be\/he\/%d7%94%d7%9c%d7%99%d7%9a-%d7%95%d7%97%d7%95%d7%a7\/","url":"https:\/\/www.newlights-translations.be\/he\/%d7%94%d7%9c%d7%99%d7%9a-%d7%95%d7%97%d7%95%d7%a7\/","name":"\u05d4\u05dc\u05d9\u05da \u05d5\u05d7\u05d5\u05e7 - Newlights Translations","isPartOf":{"@id":"https:\/\/www.newlights-translations.be\/he\/#website"},"datePublished":"2022-08-19T12:10:33+00:00","dateModified":"2023-06-13T07:27:57+00:00","breadcrumb":{"@id":"https:\/\/www.newlights-translations.be\/he\/%d7%94%d7%9c%d7%99%d7%9a-%d7%95%d7%97%d7%95%d7%a7\/#breadcrumb"},"inLanguage":"he-IL","potentialAction":[{"@type":"ReadAction","target":["https:\/\/www.newlights-translations.be\/he\/%d7%94%d7%9c%d7%99%d7%9a-%d7%95%d7%97%d7%95%d7%a7\/"]}]},{"@type":"BreadcrumbList","@id":"https:\/\/www.newlights-translations.be\/he\/%d7%94%d7%9c%d7%99%d7%9a-%d7%95%d7%97%d7%95%d7%a7\/#breadcrumb","itemListElement":[{"@type":"ListItem","position":1,"name":"Accueil","item":"https:\/\/www.newlights-translations.be\/he\/"},{"@type":"ListItem","position":2,"name":"\u05d4\u05dc\u05d9\u05da \u05d5\u05d7\u05d5\u05e7"}]},{"@type":"WebSite","@id":"https:\/\/www.newlights-translations.be\/he\/#website","url":"https:\/\/www.newlights-translations.be\/he\/","name":"Newlights Translations","description":"","potentialAction":[{"@type":"SearchAction","target":{"@type":"EntryPoint","urlTemplate":"https:\/\/www.newlights-translations.be\/he\/?s={search_term_string}"},"query-input":{"@type":"PropertyValueSpecification","valueRequired":true,"valueName":"search_term_string"}}],"inLanguage":"he-IL"}]}},"_links":{"self":[{"href":"https:\/\/www.newlights-translations.be\/he\/wp-json\/wp\/v2\/pages\/333","targetHints":{"allow":["GET"]}}],"collection":[{"href":"https:\/\/www.newlights-translations.be\/he\/wp-json\/wp\/v2\/pages"}],"about":[{"href":"https:\/\/www.newlights-translations.be\/he\/wp-json\/wp\/v2\/types\/page"}],"author":[{"embeddable":true,"href":"https:\/\/www.newlights-translations.be\/he\/wp-json\/wp\/v2\/users\/1"}],"replies":[{"embeddable":true,"href":"https:\/\/www.newlights-translations.be\/he\/wp-json\/wp\/v2\/comments?post=333"}],"version-history":[{"count":4,"href":"https:\/\/www.newlights-translations.be\/he\/wp-json\/wp\/v2\/pages\/333\/revisions"}],"predecessor-version":[{"id":467,"href":"https:\/\/www.newlights-translations.be\/he\/wp-json\/wp\/v2\/pages\/333\/revisions\/467"}],"wp:attachment":[{"href":"https:\/\/www.newlights-translations.be\/he\/wp-json\/wp\/v2\/media?parent=333"}],"curies":[{"name":"wp","href":"https:\/\/api.w.org\/{rel}","templated":true}]}}